{"id":579,"date":"2022-01-06T09:45:38","date_gmt":"2022-01-06T09:45:38","guid":{"rendered":"https:\/\/birdhouse.familjenstarck.se\/?page_id=579"},"modified":"2022-12-06T09:51:52","modified_gmt":"2022-12-06T09:51:52","slug":"2021-2","status":"publish","type":"page","link":"https:\/\/birdhouse.familjenstarck.se\/?page_id=579","title":{"rendered":"2021"},"content":{"rendered":"<ul>\n<li>Tv\u00e4ttstugan ordnades till med hyllor och l\u00e5dor f\u00f6r f\u00f6rvaring<\/li>\n<li>M\u00f6blerade om i k\u00f6ksrabatten<\/li>\n<li>Planterade v\u00e4xter i nedre rabatten<\/li>\n<li>Byggde en blomb\u00e4nk att ha krukor p\u00e5 ute<\/li>\n<li>Byggde klart sista bloml\u00e5dan (totalt 3 stycken p\u00e5 hjul nu)<\/li>\n<li>K\u00f6pte vinranka fr\u00e5n vinplantan<\/li>\n<li>Rengjorde sista delen av altanen p\u00e5 baksidan, biten utanf\u00f6r f\u00f6rr\u00e5det<\/li>\n<li>Installerade en ny fr\u00e5nluftsv\u00e4rmepump<\/li>\n<\/ul>\n","protected":false},"excerpt":{"rendered":"<p>Tv\u00e4ttstugan ordnades till med hyllor och l\u00e5dor f\u00f6r f\u00f6rvaring M\u00f6blerade om i k\u00f6ksrabatten Planterade v\u00e4xter i nedre rabatten Byggde en blomb\u00e4nk att ha krukor p\u00e5 ute Byggde klart sista bloml\u00e5dan (totalt 3 stycken p\u00e5 hjul nu) K\u00f6pte vinranka fr\u00e5n vinplantan Rengjorde sista delen av altanen p\u00e5 baksidan, biten utanf\u00f6r f\u00f6rr\u00e5det Installerade en ny fr\u00e5nluftsv\u00e4rmepump<\/p>\n","protected":false},"author":1,"featured_media":0,"parent":0,"menu_order":0,"comment_status":"closed","ping_status":"closed","template":"","meta":{"footnotes":""},"class_list":["post-579","page","type-page","status-publish","hentry","post-preview"],"_links":{"self":[{"href":"https:\/\/birdhouse.familjenstarck.se\/index.php?rest_route=\/wp\/v2\/pages\/579","targetHints":{"allow":["GET"]}}],"collection":[{"href":"https:\/\/birdhouse.familjenstarck.se\/index.php?rest_route=\/wp\/v2\/pages"}],"about":[{"href":"https:\/\/birdhouse.familjenstarck.se\/index.php?rest_route=\/wp\/v2\/types\/page"}],"author":[{"embeddable":true,"href":"https:\/\/birdhouse.familjenstarck.se\/index.php?rest_route=\/wp\/v2\/users\/1"}],"replies":[{"embeddable":true,"href":"https:\/\/birdhouse.familjenstarck.se\/index.php?rest_route=%2Fwp%2Fv2%2Fcomments&post=579"}],"version-history":[{"count":1,"href":"https:\/\/birdhouse.familjenstarck.se\/index.php?rest_route=\/wp\/v2\/pages\/579\/revisions"}],"predecessor-version":[{"id":580,"href":"https:\/\/birdhouse.familjenstarck.se\/index.php?rest_route=\/wp\/v2\/pages\/579\/revisions\/580"}],"wp:attachment":[{"href":"https:\/\/birdhouse.familjenstarck.se\/index.php?rest_route=%2Fwp%2Fv2%2Fmedia&parent=579"}],"curies":[{"name":"wp","href":"https:\/\/api.w.org\/{rel}","templated":true}]}}