{"id":485,"date":"2022-12-06T09:44:52","date_gmt":"2022-12-06T09:44:52","guid":{"rendered":"http:\/\/birdhouse.familjenstarck.se\/?page_id=485"},"modified":"2022-12-06T09:45:30","modified_gmt":"2022-12-06T09:45:30","slug":"2020-2","status":"publish","type":"page","link":"https:\/\/birdhouse.familjenstarck.se\/?page_id=485","title":{"rendered":"2020"},"content":{"rendered":"<ul>\n<li>Reglade upp altan nere vid stugan och la golv<\/li>\n<li>Rev ner gammalt staket p\u00e5 altan uppe och satte upp nytt<\/li>\n<li>Rengjorde altangolvet p\u00e5 framsidan och oljade in<\/li>\n<li>K\u00f6pte ny paviljong<\/li>\n<li>K\u00f6pte tr\u00e4dg\u00e5rdsbelysning och installerade den.<\/li>\n<li>K\u00f6pte ny d\u00f6rr till stugan<\/li>\n<li>T\u00f6mde alla pallkragar inne i odlingsdelen, tog bort jordgubbsplantor och t\u00f6mde kragen p\u00e5 jord. K\u00f6pte ny gr\u00f6nsaksjord och nya jordgubbsplantor.<\/li>\n<li>Gr\u00e4vde ut rabatter och gr\u00e4vde ner rabattkanter inne i odlingsdelen, bl.a. runt hallonen.<\/li>\n<li>La klart \u00d6landsstenen i odlingsdelen och t\u00e4ckte resten av g\u00e5ngarna med tr\u00e4flis<\/li>\n<li>Fyllde ut gr\u00e4smatta runt nya tr\u00e4dg\u00e5rdsg\u00e5ngen\u00a0 och st\u00f6dodlade nytt gr\u00e4s<\/li>\n<li>Anla en ny rabatt vid tr\u00e4dg\u00e5rdsg\u00e5ngen och nya trappen<\/li>\n<li>Satte upp ett tak i h\u00f6rnet p\u00e5 altanen mot berget<\/li>\n<li>Gjorde om de stora odlingsl\u00e5dorna p\u00e5 hjul p\u00e5 altanen. K\u00f6pte nya innerkrukor till dessa.<\/li>\n<li>Satte upp nytt staket in till odlingarna (armeringsn\u00e4t)<\/li>\n<li>\u00d6vre rabatterna vid trappan gjordes om (nya v\u00e4xter bl.a.)<\/li>\n<li>Fixade Sebbes sovrum, ny tapet, ny f\u00e4rg, nya m\u00f6bler<\/li>\n<\/ul>\n","protected":false},"excerpt":{"rendered":"<p>Reglade upp altan nere vid stugan och la golv Rev ner gammalt staket p\u00e5 altan uppe och satte upp nytt Rengjorde altangolvet p\u00e5 framsidan och oljade in K\u00f6pte ny paviljong K\u00f6pte tr\u00e4dg\u00e5rdsbelysning och installerade den. K\u00f6pte ny d\u00f6rr till stugan T\u00f6mde alla pallkragar inne i odlingsdelen, tog bort jordgubbsplantor och t\u00f6mde kragen p\u00e5 jord. K\u00f6pte [&hellip;]<\/p>\n","protected":false},"author":1,"featured_media":0,"parent":0,"menu_order":0,"comment_status":"closed","ping_status":"closed","template":"","meta":{"footnotes":""},"class_list":["post-485","page","type-page","status-publish","hentry","post-preview"],"_links":{"self":[{"href":"https:\/\/birdhouse.familjenstarck.se\/index.php?rest_route=\/wp\/v2\/pages\/485","targetHints":{"allow":["GET"]}}],"collection":[{"href":"https:\/\/birdhouse.familjenstarck.se\/index.php?rest_route=\/wp\/v2\/pages"}],"about":[{"href":"https:\/\/birdhouse.familjenstarck.se\/index.php?rest_route=\/wp\/v2\/types\/page"}],"author":[{"embeddable":true,"href":"https:\/\/birdhouse.familjenstarck.se\/index.php?rest_route=\/wp\/v2\/users\/1"}],"replies":[{"embeddable":true,"href":"https:\/\/birdhouse.familjenstarck.se\/index.php?rest_route=%2Fwp%2Fv2%2Fcomments&post=485"}],"version-history":[{"count":4,"href":"https:\/\/birdhouse.familjenstarck.se\/index.php?rest_route=\/wp\/v2\/pages\/485\/revisions"}],"predecessor-version":[{"id":578,"href":"https:\/\/birdhouse.familjenstarck.se\/index.php?rest_route=\/wp\/v2\/pages\/485\/revisions\/578"}],"wp:attachment":[{"href":"https:\/\/birdhouse.familjenstarck.se\/index.php?rest_route=%2Fwp%2Fv2%2Fmedia&parent=485"}],"curies":[{"name":"wp","href":"https:\/\/api.w.org\/{rel}","templated":true}]}}