{"id":321,"date":"2019-01-01T21:40:41","date_gmt":"2019-01-01T21:40:41","guid":{"rendered":"http:\/\/birdhouse.familjenstarck.se\/?page_id=321"},"modified":"2022-07-02T11:57:53","modified_gmt":"2022-07-02T11:57:53","slug":"vaxter-trad-och-buskar","status":"publish","type":"page","link":"https:\/\/birdhouse.familjenstarck.se\/?page_id=321","title":{"rendered":"V\u00e4xter, tr\u00e4d och buskar"},"content":{"rendered":"<h3 style=\"text-align: left;\">Tr\u00e4d<\/h3>\n<ul>\n<li>P\u00e4rontr\u00e4d, Clara Frijs. Planterat 2015.<\/li>\n<li>\u00c4ppeltr\u00e4d, ok\u00e4nd sort, m\u00f6jligtvis Alice eller Aroma. Planterat runt 2009.<\/li>\n<li>Bj\u00f6rk<\/li>\n<li>Tre k\u00f6rsb\u00e4rstr\u00e4d, tv\u00e5 h\u00f6ga och en mindre. Oklart om alla \u00e4r k\u00f6rsb\u00e4rstr\u00e4d , Koltrastarna \u00e4lskar b\u00e4ren i alla fall.<\/li>\n<\/ul>\n<h3>Buskar<\/h3>\n<ul>\n<li>Smultronschersmin<\/li>\n<li>Syr\u00e9n, alla h\u00e4ckar.<\/li>\n<li>Hallonbuskar, mormorshallon (2015)<\/li>\n<li>Krusb\u00e4rsbuske (2015)<\/li>\n<li>Svartvinb\u00e4rsbuskar<\/li>\n<li>R\u00f6dvinb\u00e4rsbuske<\/li>\n<li>Krusvinb\u00e4r \u2019Josta\u2019 (2019)<\/li>\n<\/ul>\n<h3>Rosor<\/h3>\n<ul>\n<li>Flammentanz (2017)<\/li>\n<li>Golden Celebration (2017)<\/li>\n<li>New Dawn (2017)<\/li>\n<li><del datetime=\"2022-07-02T11:35:37+00:00\">Golden Shower<\/del> (2018-2021)<\/li>\n<li>Rumba (2018)<\/li>\n<\/ul>\n<h3>Kl\u00e4tterv\u00e4xter<\/h3>\n<ul>\n<li>Klematis\n<ul>\n<li>Princess Kate (2018)<\/li>\n<li>Nelly Moser (2018)<\/li>\n<\/ul>\n<\/li>\n<li>Kaprifol,\n<ul>\n<li>Hall\u2019s Prolific (2015)<\/li>\n<li>Vild Kaprifol \u2019Serotina\u2019 (2019)<\/li>\n<li>\u00c4kta Kaprifol (2018)<\/li>\n<\/ul>\n<\/li>\n<li>Brokbladig hortensia (2015)<\/li>\n<li>Kiwi\n<ul>\n<li>Anna (2017, 2018, 2020)<\/li>\n<li>Oscar (2017)<\/li>\n<li>Jenny (sj\u00e4lvfertil, 2018)<\/li>\n<\/ul>\n<\/li>\n<li>Humle (2018)<\/li>\n<li>Bl\u00e5regn &#8217;Blue Moon&#8217; (2015)<\/li>\n<li>Bl\u00e5b\u00e4rstry\n<ul>\n<li>Morena (2019)<\/li>\n<li>Kalinka (2019)<\/li>\n<li>Balalajka (2019)<\/li>\n<\/ul>\n<\/li>\n<li><del datetime=\"2022-07-02T11:35:37+00:00\">Bj\u00f6rnb\u00e4r \u2019Himalayan Giant\u2019, i kruka<\/del> (2019-2021)<\/li>\n<li><del datetime=\"2022-07-02T11:35:37+00:00\">Vindruva \u2019Chasselas\u2019 i kruka<\/del> (2021)<\/li>\n<li>Fj\u00e4rilsranka (2021)<\/li>\n<\/ul>\n<h3>Jordgubbar<\/h3>\n<ul>\n<li>Malwina, sen sort (2018)<\/li>\n<li>Merlan, remonterande (2018)<\/li>\n<li>Ostara, remonterande (2020)<\/li>\n<li>Maxima, medeltidig sort (2020)<\/li>\n<li>Rumba, tidig sort (2020)<\/li>\n<li>Ok\u00e4nd \u00e4ldre sort fr\u00e5n \u00c5ke (2020)<\/li>\n<\/ul>\n<h3>Perenner<\/h3>\n<h5>K\u00f6ksrabatt<\/h5>\n<p>Rabatten g\u00e5r i gul-orange-r\u00f6d f\u00e4rg med inslag av Blomsterfunkians svagt lila blommor och Alunrotens vita skira blommor.<\/p>\n<p>Jag har utg\u00e5tt fr\u00e5n ett av Plantagens olika rabattf\u00f6rslag de har varje \u00e5r. Denna rabatt \u00e4r inspirerad av &#8217;Wild &amp; Fire&#8217; som de hade 2018, den gick helt i gult, orange och r\u00f6tt med inslag av djup rosa (som jag exkluderade). Rosbuskarna kompletterar och ramar in rabatten med sina gula och orangegula blommor. B\u00e5da rosorna ska ha l\u00e5ng blomning liksom rabattens perenner.<\/p>\n<ul>\n<li>Montbretia (Crocosmia \u2019Lucifer\u2019)<\/li>\n<li>Daglilja (Hemerocallis \u2019Frans Hals\u2019)<\/li>\n<li>Flick\u00f6ga (Coreopsis grand. \u2019Sonnenkind\u2019)<\/li>\n<li>Blomsterfunkia (Hosta \u2019Patriot\u2019)<\/li>\n<li>Daglilja (Hemerocallis \u2019Stella d Oro\u2019)<\/li>\n<li>Alunrot (Heuchera micrantha \u2019Palace Purple\u2019)<\/li>\n<li><del datetime=\"2022-07-02T11:35:37+00:00\">Kl\u00e4tterros &#8217;Golden Shower&#8217;<\/del><\/li>\n<li>Buskros &#8217;Rumba&#8217;<\/li>\n<li>V\u00e5rl\u00f6kar Perfect Match &#8217;Little Treasures&#8217;<\/li>\n<li>Gladiolus \u2019Prinsess Margaret Rose\u2019<\/li>\n<\/ul>\n<h5>Rabatt vid f\u00e5gelbord<\/h5>\n<p>Rabatten \u00e4r t\u00e4nkt att knyta ihop rabatterna vid trappan med rabatten vid k\u00f6ksf\u00f6nstret. Inneh\u00e5ller f\u00e4rgerna gult, lila och rosa.<\/p>\n<ul>\n<li>Pion (fr\u00e5n Armsj\u00f6n)<\/li>\n<li>Lavendel (bl\u00e5lila f\u00e4rg)<\/li>\n<li>Ros (Golden Celebration)<\/li>\n<li>Gladiolus \u2019Prinsess Margaret Rose\u2019<\/li>\n<\/ul>\n<h5>\u00d6vre trapprabatter<\/h5>\n<p>F\u00e4rgerna i de h\u00e4r rabatterna ligger mot det bl\u00e5a med inslag av Orientvallmons och dagliljans rosa blommor och Alunrotens skira vita blommor.<\/p>\n<p>Rabatterna var sv\u00e5ra att f\u00e5 till d\u00e5 de kan ses fr\u00e5n s\u00e5 m\u00e5nga olika h\u00e5ll. Dels fr\u00e5n altanen och k\u00f6ksf\u00f6nstret, dels d\u00e5 man g\u00e5r upp eller ner i trappan och dels d\u00e5 man kommer nerifr\u00e5n v\u00e4gen. Glansmiskantusen tillf\u00f6r n\u00e5got sp\u00e4nnande under vintern d\u00e5 de flesta av blommorna vissnar ner och d\u00f6r.<\/p>\n<ul>\n<li>Glansmiskantus (Miscanthus sinensis &#8217;Malepartus&#8217;)<br \/>\nVippor och gr\u00e4s torkar och st\u00e5r sedan \u00f6ver vintern som en eternell i rabatten.<\/li>\n<li>St\u00e4ppsalvia (Salvia Nemorosa-Gr. &#8217;Mainacht&#8217;)<\/li>\n<li>Murklocka (Campanula portenschlagiana\u00a0&#8217;Get Me&#8217;)<\/li>\n<li><del datetime=\"2022-07-02T11:35:37+00:00\">Tr\u00e4dg\u00e5rdsn\u00e4va (Geranium ROZANNE &#8217;Gerwat&#8217;)<\/del><\/li>\n<li>Orientvallmo (Coral Reef)<\/li>\n<li>Daglilja (Summer Wien)<\/li>\n<li>Alunrot (Heuchera micrantha \u2019Palace Purple\u2019)<\/li>\n<li>Aubrietia (Aubrieta &#8217;Blaumeise&#8217;)<br \/>\nVintergr\u00f6n perenn<\/li>\n<li>Praktveronica (Veronica austriaca \u2019Knallblau\u2019)<\/li>\n<li>Vildkaprifol (\u2019Serotina\u2019)<\/li>\n<\/ul>\n<h5>Nedre trapprabatter<\/h5>\n<ul>\n<li>Doftpion (\u2019Sarah Bernhardt\u2019 )<\/li>\n<li>Akleja (&#8217;Spring Magic Pink and White&#8217;)<\/li>\n<li>\u00c4kta Kaprifol<\/li>\n<\/ul>\n<h5>Rabatt vid rampen<\/h5>\n<ul>\n<li>Lavendel \u2019Arctic Snow\u2019<\/li>\n<li>Kl\u00e4tterros, Flammentanz<\/li>\n<\/ul>\n<h5>Stora rabatten<\/h5>\n<ul>\n<li>R\u00f6d Solhatt (Magnus)<\/li>\n<li>Bl\u00e5 bolltistel (Veitch&#8217;s Blue)<\/li>\n<li>Ulleternell<\/li>\n<li>Liten k\u00e4rleks\u00f6rt<\/li>\n<li>J\u00e4ttet\u00e5tel (Karl Foerster)<\/li>\n<li>Aubreita ()<\/li>\n<li>Lamm\u00f6ra tv\u00e5 varianter<\/li>\n<\/ul>\n<h5>Rabatt vid stugan<\/h5>\n<p>H\u00e4r \u00e4r det t\u00e4nkt att b\u00e5de blommor och blad ska ge f\u00e4rg. D\u00e4rf\u00f6r har jag flyttat ner Lejonsvansen som stod utanf\u00f6r k\u00f6ksf\u00f6nstret och planterat den tillsammans med Liljekonvaljerna. Till dessa k\u00f6pte jag m\u00f6rkbladiga H\u00f6stsilverax som kontrast till det svulstiga gr\u00f6na i Lejonsvansen. I mitten av allt satte vi ner en vit Magnolia.<\/p>\n<ul>\n<li>Gul lejonsvans (Phlomis russeliana)<\/li>\n<li>Liljekonvalj (fr\u00e5n Armsj\u00f6n och Convallaria Majalis)<\/li>\n<li>H\u00f6stsilverax (\u2019Brunette\u2019 och \u2019Pink Spike\u2019)<\/li>\n<li>Magnolia<\/li>\n<li>Gladiolus \u2019Black beaty\u2019<\/li>\n<\/ul>\n<h5>Rabatt vid dammen<\/h5>\n<p>F\u00e4rgerna i den h\u00e4r rabatten \u00e4r vit, rosa och lila.<\/p>\n<p>Rabatten ligger i en liten sl\u00e4nt, precis vid dammen. H\u00e4r ville jag ha n\u00e5got som lockar bin och humlor tidigt till dammen och vattnet d\u00e4r. F\u00e4rgerna g\u00e5r i djupt lila p\u00e5 Lung\u00f6rten med sina krafta bladrosetter som egentligen aldrig vissnar ner helt. Lung\u00f6rten blommar tidigt, redan i april d\u00e5 det b\u00f6rjar bli varmt ute. Vintergr\u00f6nan kommer senare i maj med sina vita blommor, tanken \u00e4r att den ska breda ut sig ordentligt, men det g\u00e5r en aning tr\u00f6gt &#8211; antagligen st\u00e5r den lite f\u00f6r soligt och lite f\u00f6r torrt. I mitten av maj b\u00f6rjar \u00e4ven sockblomman blomma med sina rosa blommor.<\/p>\n<ul>\n<li>Raggtr\u00e4jon<\/li>\n<li>Stens\u00f6ta<\/li>\n<li>L\u00f6nnbr\u00e4cka (Mukdenia rossii &#8217;Karasuba&#8217;)<\/li>\n<li>Lung\u00f6rt (Pulmonaria long. \u2019Diana Clare\u2019)<\/li>\n<li>Prydnadsgr\u00e4s (Carex hachijoensis \u2019Evergold\u2019)<\/li>\n<li>Vintergr\u00f6na (Vinca minor &#8217;Elise\u2019)<br \/>\nVintergr\u00f6n perenn som blommar i maj<\/li>\n<li>Sockblomma (Epimedium y. \u2019Roseum\u2019)<\/li>\n<li>Blomsterfunkia (Hosta fort. \u2019Aureomarginata\u2019)<\/li>\n<li>Funkia (Hosta \u2019Brim Cup\u2019)<\/li>\n<li>Strandiris (Iris sibirica &#8217;Blue King&#8217;)<\/li>\n<li>Tr\u00e4dg\u00e5rdsiris (Iris (G) \u2019White Knight\u2019)<\/li>\n<li>H\u00f6stsilverax (Actaea simplex &#8217;Brunette&#8217;)<br \/>\nSt\u00e5r sig l\u00e5ngt in under vintern, blommar relativt sent i september<\/li>\n<\/ul>\n<h5>Dammv\u00e4xter<\/h5>\n<ul>\n<li>Dv\u00e4rgkaveldun (Typha minima)<\/li>\n<li>Glansiris (Iris laevigata \u2019Snowdrift\u2019)<\/li>\n<li>B\u00e4ckveronika (Veronica beccabunga)<\/li>\n<li>H\u00e4stsvans (Hippuris vulgaris)<\/li>\n<li>Brokigt \u00f6dleblad (Houttuynia cardata \u2019Chamaeleon\u2019)<\/li>\n<li>Svalting (Alisma plantago-aquatica)<\/li>\n<li>Strimmig kalmus (Acorus calamus \u2019Variegata\u2019)<\/li>\n<li>Kalmus (Acorus calamus)<\/li>\n<li>Gotlandssvalting (Alisma lanceolatum)<\/li>\n<li>Vattencrassula (Crassula recurva)<\/li>\n<li>N\u00e5lgr\u00e4s (Eleocharis acicularis)<\/li>\n<li>Iris laevigata \u2019Rose queen\u2019<\/li>\n<li>Iris Louisiana \u2019Ann Chowing\u2019<\/li>\n<li>Humleblomster (Geum rivale)<br \/>\nst\u00e5r till h\u00e4lften i vatten<\/li>\n<\/ul>\n<h5>V\u00e4xter som d\u00f6tt eller tagits bort<\/h5>\n<ul>\n<li>Chokladmynta, tog bort den d\u00e5 rabatterna vid trapporna gjordes om<\/li>\n<li>Prydnadsgr\u00e4s (Carex frosted auris), dog vintern 2018\/2019<\/li>\n<li>Lampborstgr\u00e4s (Pennisetum), dog vintern 2018\/2019<\/li>\n<li>Minikiwi Anna, dog vintern 2017\/2018<\/li>\n<li>Minikiwi Anna, dog vintern 2018\/2019<\/li>\n<li>Parrot\u2019s feather (Myriophyllum brasiliensis), vattenv\u00e4xt dog vintern 2018\/2019<\/li>\n<li>\u00c4kta Kaprifol, planterad 2015 men blev utkonkurrerad av Hall\u2019s prolific<\/li>\n<li>Alunrot (Heuchera \u2019Black Pearl\u2019)<br \/>\ntrivs inte riktigt<\/li>\n<\/ul>\n<p>&nbsp;<\/p>\n<p>&nbsp;<\/p>\n","protected":false},"excerpt":{"rendered":"<p>Tr\u00e4d P\u00e4rontr\u00e4d, Clara Frijs. Planterat 2015. \u00c4ppeltr\u00e4d, ok\u00e4nd sort, m\u00f6jligtvis Alice eller Aroma. Planterat runt 2009. Bj\u00f6rk Tre k\u00f6rsb\u00e4rstr\u00e4d, tv\u00e5 h\u00f6ga och en mindre. Oklart om alla \u00e4r k\u00f6rsb\u00e4rstr\u00e4d , Koltrastarna \u00e4lskar b\u00e4ren i alla fall. Buskar Smultronschersmin Syr\u00e9n, alla h\u00e4ckar. Hallonbuskar, mormorshallon (2015) Krusb\u00e4rsbuske (2015) Svartvinb\u00e4rsbuskar R\u00f6dvinb\u00e4rsbuske Krusvinb\u00e4r \u2019Josta\u2019 (2019) Rosor Flammentanz (2017) Golden [&hellip;]<\/p>\n","protected":false},"author":1,"featured_media":0,"parent":0,"menu_order":0,"comment_status":"closed","ping_status":"closed","template":"","meta":{"footnotes":""},"class_list":["post-321","page","type-page","status-publish","hentry","post-preview"],"_links":{"self":[{"href":"https:\/\/birdhouse.familjenstarck.se\/index.php?rest_route=\/wp\/v2\/pages\/321","targetHints":{"allow":["GET"]}}],"collection":[{"href":"https:\/\/birdhouse.familjenstarck.se\/index.php?rest_route=\/wp\/v2\/pages"}],"about":[{"href":"https:\/\/birdhouse.familjenstarck.se\/index.php?rest_route=\/wp\/v2\/types\/page"}],"author":[{"embeddable":true,"href":"https:\/\/birdhouse.familjenstarck.se\/index.php?rest_route=\/wp\/v2\/users\/1"}],"replies":[{"embeddable":true,"href":"https:\/\/birdhouse.familjenstarck.se\/index.php?rest_route=%2Fwp%2Fv2%2Fcomments&post=321"}],"version-history":[{"count":30,"href":"https:\/\/birdhouse.familjenstarck.se\/index.php?rest_route=\/wp\/v2\/pages\/321\/revisions"}],"predecessor-version":[{"id":571,"href":"https:\/\/birdhouse.familjenstarck.se\/index.php?rest_route=\/wp\/v2\/pages\/321\/revisions\/571"}],"wp:attachment":[{"href":"https:\/\/birdhouse.familjenstarck.se\/index.php?rest_route=%2Fwp%2Fv2%2Fmedia&parent=321"}],"curies":[{"name":"wp","href":"https:\/\/api.w.org\/{rel}","templated":true}]}}