{"id":289,"date":"2018-12-31T21:09:15","date_gmt":"2018-12-31T21:09:15","guid":{"rendered":"http:\/\/birdhouse.familjenstarck.se\/?page_id=289"},"modified":"2020-05-20T10:14:50","modified_gmt":"2020-05-20T10:14:50","slug":"2018-2","status":"publish","type":"page","link":"https:\/\/birdhouse.familjenstarck.se\/?page_id=289","title":{"rendered":"2018"},"content":{"rendered":"<ul>\n<li>Isolerade innerv\u00e4ggar i sovrummet, m\u00e5lade om<\/li>\n<li>Gr\u00e4vde en damm inne p\u00e5 odlingsdelen, ca 2.1 kubik<\/li>\n<li>F\u00f6nstren i stugan, kittade om och m\u00e5lade<\/li>\n<li>\u00a0M\u00e5lade takfoten p\u00e5 stugan vit<\/li>\n<li>Satte upp h\u00e4ngr\u00e4nnor p\u00e5 stugan<\/li>\n<li>Byggde tv\u00e5 grindar, en vid syrenen (rampen) och en i stentrappan<\/li>\n<li>Fixade till kantstenarna och planterade om rabatten vid k\u00f6ksf\u00f6nstret<\/li>\n<li>Planterade Humle och Klematis samt tv\u00e5 nya minikiwis<\/li>\n<li>Flyttade bl\u00e5regnen till nedanf\u00f6r muren<del><\/del><\/li>\n<li>Fick koikarp av Johan<\/li>\n<\/ul>\n","protected":false},"excerpt":{"rendered":"<p>Isolerade innerv\u00e4ggar i sovrummet, m\u00e5lade om Gr\u00e4vde en damm inne p\u00e5 odlingsdelen, ca 2.1 kubik F\u00f6nstren i stugan, kittade om och m\u00e5lade \u00a0M\u00e5lade takfoten p\u00e5 stugan vit Satte upp h\u00e4ngr\u00e4nnor p\u00e5 stugan Byggde tv\u00e5 grindar, en vid syrenen (rampen) och en i stentrappan Fixade till kantstenarna och planterade om rabatten vid k\u00f6ksf\u00f6nstret Planterade Humle och [&hellip;]<\/p>\n","protected":false},"author":1,"featured_media":0,"parent":0,"menu_order":0,"comment_status":"closed","ping_status":"closed","template":"","meta":{"footnotes":""},"class_list":["post-289","page","type-page","status-publish","hentry","post-preview"],"_links":{"self":[{"href":"https:\/\/birdhouse.familjenstarck.se\/index.php?rest_route=\/wp\/v2\/pages\/289","targetHints":{"allow":["GET"]}}],"collection":[{"href":"https:\/\/birdhouse.familjenstarck.se\/index.php?rest_route=\/wp\/v2\/pages"}],"about":[{"href":"https:\/\/birdhouse.familjenstarck.se\/index.php?rest_route=\/wp\/v2\/types\/page"}],"author":[{"embeddable":true,"href":"https:\/\/birdhouse.familjenstarck.se\/index.php?rest_route=\/wp\/v2\/users\/1"}],"replies":[{"embeddable":true,"href":"https:\/\/birdhouse.familjenstarck.se\/index.php?rest_route=%2Fwp%2Fv2%2Fcomments&post=289"}],"version-history":[{"count":4,"href":"https:\/\/birdhouse.familjenstarck.se\/index.php?rest_route=\/wp\/v2\/pages\/289\/revisions"}],"predecessor-version":[{"id":483,"href":"https:\/\/birdhouse.familjenstarck.se\/index.php?rest_route=\/wp\/v2\/pages\/289\/revisions\/483"}],"wp:attachment":[{"href":"https:\/\/birdhouse.familjenstarck.se\/index.php?rest_route=%2Fwp%2Fv2%2Fmedia&parent=289"}],"curies":[{"name":"wp","href":"https:\/\/api.w.org\/{rel}","templated":true}]}}