{"id":153,"date":"2016-12-31T21:33:06","date_gmt":"2016-12-31T21:33:06","guid":{"rendered":"http:\/\/birdhouse.familjenstarck.se\/?page_id=153"},"modified":"2017-04-17T09:33:25","modified_gmt":"2017-04-17T09:33:25","slug":"2016-2","status":"publish","type":"page","link":"https:\/\/birdhouse.familjenstarck.se\/?page_id=153","title":{"rendered":"2016"},"content":{"rendered":"<ul>\n<li>Stugan fick nya ytskikt, tr\u00e4panel i tak och nytt golv<\/li>\n<li>F\u00f6rr\u00e5det i stugan fick en d\u00f6rr<\/li>\n<li>Altanen (utom baksidan) rengjordes, blektes och oljades in<\/li>\n<li>Gr\u00e4vde ut f\u00f6r pool och satte upp den<\/li>\n<li>Spalj\u00e9 sattes upp vid muren i bortersta h\u00f6rnet och bl\u00e5regnen flyttades dit<\/li>\n<li>Nya takfotsbr\u00e4dor<\/li>\n<li>Pergola byggdes vid stentrappan<\/li>\n<li>Altanen byggdes ut runt poolen<\/li>\n<li>En odlingsdel planerades<\/li>\n<li>Plantering av syren nere vid v\u00e4gen<\/li>\n<li>Utfyllnad av sl\u00e4nten nedanf\u00f6r muren<\/li>\n<li>En ramp angjordes vid syrenh\u00e4cken<\/li>\n<li>Runda pallkragar sattes i den del som planeras som odlingsdel, jordgubbarna flyttades dit<\/li>\n<li>Tv\u00e5 av tre bloml\u00e5dor fick spalj\u00e9er<\/li>\n<\/ul>\n","protected":false},"excerpt":{"rendered":"<p>Stugan fick nya ytskikt, tr\u00e4panel i tak och nytt golv F\u00f6rr\u00e5det i stugan fick en d\u00f6rr Altanen (utom baksidan) rengjordes, blektes och oljades in Gr\u00e4vde ut f\u00f6r pool och satte upp den Spalj\u00e9 sattes upp vid muren i bortersta h\u00f6rnet och bl\u00e5regnen flyttades dit Nya takfotsbr\u00e4dor Pergola byggdes vid stentrappan Altanen byggdes ut runt poolen [&hellip;]<\/p>\n","protected":false},"author":1,"featured_media":0,"parent":0,"menu_order":0,"comment_status":"closed","ping_status":"closed","template":"","meta":{"footnotes":""},"class_list":["post-153","page","type-page","status-publish","hentry","post-preview"],"_links":{"self":[{"href":"https:\/\/birdhouse.familjenstarck.se\/index.php?rest_route=\/wp\/v2\/pages\/153","targetHints":{"allow":["GET"]}}],"collection":[{"href":"https:\/\/birdhouse.familjenstarck.se\/index.php?rest_route=\/wp\/v2\/pages"}],"about":[{"href":"https:\/\/birdhouse.familjenstarck.se\/index.php?rest_route=\/wp\/v2\/types\/page"}],"author":[{"embeddable":true,"href":"https:\/\/birdhouse.familjenstarck.se\/index.php?rest_route=\/wp\/v2\/users\/1"}],"replies":[{"embeddable":true,"href":"https:\/\/birdhouse.familjenstarck.se\/index.php?rest_route=%2Fwp%2Fv2%2Fcomments&post=153"}],"version-history":[{"count":1,"href":"https:\/\/birdhouse.familjenstarck.se\/index.php?rest_route=\/wp\/v2\/pages\/153\/revisions"}],"predecessor-version":[{"id":154,"href":"https:\/\/birdhouse.familjenstarck.se\/index.php?rest_route=\/wp\/v2\/pages\/153\/revisions\/154"}],"wp:attachment":[{"href":"https:\/\/birdhouse.familjenstarck.se\/index.php?rest_route=%2Fwp%2Fv2%2Fmedia&parent=153"}],"curies":[{"name":"wp","href":"https:\/\/api.w.org\/{rel}","templated":true}]}}