{"id":144,"date":"2014-12-31T21:11:46","date_gmt":"2014-12-31T21:11:46","guid":{"rendered":"http:\/\/birdhouse.familjenstarck.se\/?page_id=144"},"modified":"2017-04-17T09:22:55","modified_gmt":"2017-04-17T09:22:55","slug":"2014-2","status":"publish","type":"page","link":"https:\/\/birdhouse.familjenstarck.se\/?page_id=144","title":{"rendered":"2014"},"content":{"rendered":"<ul>\n<li>Byte av v\u00e4ggskivor, isolering och m\u00e5lning av Sebbes rum<\/li>\n<li>Tog bort st\u00f6rre delen av Hasselbusken<\/li>\n<li>Satte n\u00e4t i takfoten p\u00e5 huset<\/li>\n<\/ul>\n","protected":false},"excerpt":{"rendered":"<p>Byte av v\u00e4ggskivor, isolering och m\u00e5lning av Sebbes rum Tog bort st\u00f6rre delen av Hasselbusken Satte n\u00e4t i takfoten p\u00e5 huset<\/p>\n","protected":false},"author":1,"featured_media":0,"parent":0,"menu_order":0,"comment_status":"closed","ping_status":"closed","template":"","meta":{"footnotes":""},"class_list":["post-144","page","type-page","status-publish","hentry","post-preview"],"_links":{"self":[{"href":"https:\/\/birdhouse.familjenstarck.se\/index.php?rest_route=\/wp\/v2\/pages\/144","targetHints":{"allow":["GET"]}}],"collection":[{"href":"https:\/\/birdhouse.familjenstarck.se\/index.php?rest_route=\/wp\/v2\/pages"}],"about":[{"href":"https:\/\/birdhouse.familjenstarck.se\/index.php?rest_route=\/wp\/v2\/types\/page"}],"author":[{"embeddable":true,"href":"https:\/\/birdhouse.familjenstarck.se\/index.php?rest_route=\/wp\/v2\/users\/1"}],"replies":[{"embeddable":true,"href":"https:\/\/birdhouse.familjenstarck.se\/index.php?rest_route=%2Fwp%2Fv2%2Fcomments&post=144"}],"version-history":[{"count":1,"href":"https:\/\/birdhouse.familjenstarck.se\/index.php?rest_route=\/wp\/v2\/pages\/144\/revisions"}],"predecessor-version":[{"id":150,"href":"https:\/\/birdhouse.familjenstarck.se\/index.php?rest_route=\/wp\/v2\/pages\/144\/revisions\/150"}],"wp:attachment":[{"href":"https:\/\/birdhouse.familjenstarck.se\/index.php?rest_route=%2Fwp%2Fv2%2Fmedia&parent=144"}],"curies":[{"name":"wp","href":"https:\/\/api.w.org\/{rel}","templated":true}]}}